{"id":608,"date":"2021-11-25T14:23:23","date_gmt":"2021-11-25T14:23:23","guid":{"rendered":"http:\/\/820eyubulom.preview.infomaniak.website\/?page_id=608"},"modified":"2025-11-01T00:04:25","modified_gmt":"2025-10-31T22:04:25","slug":"teeltregistratie","status":"publish","type":"page","link":"https:\/\/management.terra.estate\/nl\/teeltregistratie\/","title":{"rendered":"Teeltregistratie"},"content":{"rendered":"<div data-elementor-type=\"wp-page\" data-elementor-id=\"608\" class=\"elementor elementor-608\" data-elementor-post-type=\"page\">\n\t\t\t\t\t\t<section class=\"has_ae_slider elementor-section elementor-top-section elementor-element elementor-element-5d23b8e8 elementor-section-height-min-height elementor-section-boxed elementor-section-height-default elementor-section-items-middle ae-bg-gallery-type-default\" data-id=\"5d23b8e8\" data-element_type=\"section\" data-e-type=\"section\" data-settings=\"{&quot;background_background&quot;:&quot;classic&quot;}\">\n\t\t\t\t\t\t<div class=\"elementor-container elementor-column-gap-default\">\n\t\t\t\t\t<div class=\"has_ae_slider elementor-column elementor-col-50 elementor-top-column elementor-element elementor-element-55f1feb7 ae-bg-gallery-type-default\" data-id=\"55f1feb7\" data-element_type=\"column\" data-e-type=\"column\">\n\t\t\t<div class=\"elementor-widget-wrap elementor-element-populated\">\n\t\t\t\t\t\t<div class=\"elementor-element elementor-element-69634509 elementor-widget elementor-widget-heading\" data-id=\"69634509\" data-element_type=\"widget\" data-e-type=\"widget\" data-widget_type=\"heading.default\">\n\t\t\t\t<div class=\"elementor-widget-container\">\n\t\t\t\t\t<h2 class=\"elementor-heading-title elementor-size-default\">Teeltregistratie<\/h2>\t\t\t\t<\/div>\n\t\t\t\t<\/div>\n\t\t\t\t<div class=\"elementor-element elementor-element-59d4bf98 elementor-widget elementor-widget-text-editor\" data-id=\"59d4bf98\" data-element_type=\"widget\" data-e-type=\"widget\" data-widget_type=\"text-editor.default\">\n\t\t\t\t<div class=\"elementor-widget-container\">\n\t\t\t\t\t\t\t\t\t<p><span style=\"white-space: pre-wrap;\">Download hier onze sjabloon voor cultuurbladen.<\/span><\/p>\t\t\t\t\t\t\t\t<\/div>\n\t\t\t\t<\/div>\n\t\t\t\t<div class=\"elementor-element elementor-element-4aad192 elementor-align-left elementor-widget elementor-widget-button\" data-id=\"4aad192\" data-element_type=\"widget\" data-e-type=\"widget\" data-widget_type=\"button.default\">\n\t\t\t\t<div class=\"elementor-widget-container\">\n\t\t\t\t\t\t\t\t\t<div class=\"elementor-button-wrapper\">\n\t\t\t\t\t<a class=\"elementor-button elementor-button-link elementor-size-sm\" href=\"https:\/\/management.terra.estate\/wp-content\/uploads\/2025\/11\/NL_Teeltfiche_v.3.2_Nov.-2025.pdf\" target=\"_blank\">\n\t\t\t\t\t\t<span class=\"elementor-button-content-wrapper\">\n\t\t\t\t\t\t\t\t\t<span class=\"elementor-button-text\">Teeltfiche downloaden<\/span>\n\t\t\t\t\t<\/span>\n\t\t\t\t\t<\/a>\n\t\t\t\t<\/div>\n\t\t\t\t\t\t\t\t<\/div>\n\t\t\t\t<\/div>\n\t\t\t\t\t<\/div>\n\t\t<\/div>\n\t\t\t\t<div class=\"has_ae_slider elementor-column elementor-col-50 elementor-top-column elementor-element elementor-element-f840f5f ae-bg-gallery-type-default\" data-id=\"f840f5f\" data-element_type=\"column\" data-e-type=\"column\">\n\t\t\t<div class=\"elementor-widget-wrap elementor-element-populated\">\n\t\t\t\t\t\t<div class=\"elementor-element elementor-element-baa4744 elementor-widget elementor-widget-image\" data-id=\"baa4744\" data-element_type=\"widget\" data-e-type=\"widget\" data-widget_type=\"image.default\">\n\t\t\t\t<div class=\"elementor-widget-container\">\n\t\t\t\t\t\t\t\t\t\t\t\t\t\t\t<img fetchpriority=\"high\" decoding=\"async\" width=\"800\" height=\"603\" src=\"https:\/\/management.terra.estate\/wp-content\/uploads\/2025\/02\/Teeltfiche-1024x772.jpg\" class=\"attachment-large size-large wp-image-1957\" alt=\"Teeltfiche\" srcset=\"https:\/\/management.terra.estate\/wp-content\/uploads\/2025\/02\/Teeltfiche-1024x772.jpg 1024w, https:\/\/management.terra.estate\/wp-content\/uploads\/2025\/02\/Teeltfiche-300x226.jpg 300w, https:\/\/management.terra.estate\/wp-content\/uploads\/2025\/02\/Teeltfiche-768x579.jpg 768w, https:\/\/management.terra.estate\/wp-content\/uploads\/2025\/02\/Teeltfiche-1536x1158.jpg 1536w, https:\/\/management.terra.estate\/wp-content\/uploads\/2025\/02\/Teeltfiche-2048x1544.jpg 2048w, https:\/\/management.terra.estate\/wp-content\/uploads\/2025\/02\/Teeltfiche-16x12.jpg 16w\" sizes=\"(max-width: 800px) 100vw, 800px\" \/>\t\t\t\t\t\t\t\t\t\t\t\t\t\t\t<\/div>\n\t\t\t\t<\/div>\n\t\t\t\t\t<\/div>\n\t\t<\/div>\n\t\t\t\t\t<\/div>\n\t\t<\/section>\n\t\t\t\t<section class=\"has_ae_slider elementor-section elementor-top-section elementor-element elementor-element-23ab4e6 elementor-reverse-tablet elementor-reverse-mobile elementor-section-boxed elementor-section-height-default elementor-section-height-default ae-bg-gallery-type-default\" data-id=\"23ab4e6\" data-element_type=\"section\" data-e-type=\"section\">\n\t\t\t\t\t\t<div class=\"elementor-container elementor-column-gap-default\">\n\t\t\t\t\t<div class=\"has_ae_slider elementor-column elementor-col-100 elementor-top-column elementor-element elementor-element-a66d72d ae-bg-gallery-type-default\" data-id=\"a66d72d\" data-element_type=\"column\" data-e-type=\"column\">\n\t\t\t<div class=\"elementor-widget-wrap elementor-element-populated\">\n\t\t\t\t\t\t<div class=\"elementor-element elementor-element-8a071ce elementor-widget elementor-widget-text-editor\" data-id=\"8a071ce\" data-element_type=\"widget\" data-e-type=\"widget\" data-widget_type=\"text-editor.default\">\n\t\t\t\t<div class=\"elementor-widget-container\">\n\t\t\t\t\t\t\t\t\t<p class=\"my-0\">Modern bedrijfsbeheer is afhankelijk van strenge traceerbaarheid en totale transparantie in gewasregistratie. Daarom verzorgen wij de gewasbewaking voor onze klanten, passen we de strengste regels toe en zorgen we voor volledige naleving van de huidige wettelijke vereisten. <br>Vandaag de dag is nauwkeurige gewasbewaking niet langer een optie: het is essentieel, of het nu is om aan wettelijke verplichtingen te voldoen of om het agronomische en economische beheer van elk perceel te optimaliseren.<\/p>\n<p class=\"my-0\">Regelgeving vereist gedetailleerde documentatie van vruchtwisseling, fytosanitaire behandelingen en alle teeltwerkzaamheden. Deze traceerbaarheid zorgt niet alleen voor naleving van de vereisten van de overheid (subsidies, controles, milieuaudits en andere specificaties), maar helpt ook om de planning en rotatie van gewassen te verbeteren, milieu- en gezondheidsrisico's te voorkomen en de waarde van de productie voor kopers en partners te verhogen.<\/p>\n<p class=\"my-0\">Bij Terra Estates Management geloven we dat technologie een dagelijkse ondersteuning moet zijn, nooit een belemmering. Daarom gebruiken wij geavanceerde digitale hulpmiddelen, waaronder gespecialiseerde programma's voor kartering en bedrijfsbeheer (GIS), om een nauwkeurige, gecentraliseerde controle van alle activiteiten op uw percelen te garanderen. Deze moderne, ge\u00efntegreerde aanpak maakt het gemakkelijker om te beheren, historische gegevens te raadplegen en de benodigde documenten op te stellen in het geval van een inspectie of subsidieaanvraag.<\/p>\n<p class=\"my-0\">Ons team zorgt ervoor dat elke fase van het gewasmonitoringproces strikt en transparant wordt uitgevoerd.&nbsp;<\/p><p class=\"my-0\"><span style=\"font-size: 1rem;\">Als u vragen hebt of meer wilt weten over onze aanpak, neem dan contact met ons op via <a href=\"https:\/\/management.terra.estate\/nl\/contact\/\">onze speciale pagina<\/a>.<\/span><\/p>\t\t\t\t\t\t\t\t<\/div>\n\t\t\t\t<\/div>\n\t\t\t\t\t<\/div>\n\t\t<\/div>\n\t\t\t\t\t<\/div>\n\t\t<\/section>\n\t\t\t\t<\/div>","protected":false},"excerpt":{"rendered":"<p>Suivi de culture T\u00e9l\u00e9charez notre mod\u00e8le de fiche culture ici. T\u00e9l\u00e9charger la fiche culture La gestion agricole moderne repose sur une tra\u00e7abilit\u00e9 rigoureuse et une transparence totale dans l\u2019enregistrement des cultures. C&#8217;est pourquoi nous prenons en charge le suivi de culture pour nos clients, en appliquant les r\u00e8gles les plus strictes et en veillant \u00e0 [&hellip;]<\/p>\n","protected":false},"author":1,"featured_media":0,"parent":0,"menu_order":0,"comment_status":"closed","ping_status":"closed","template":"","meta":{"footnotes":""},"class_list":["post-608","page","type-page","status-publish","hentry"],"yoast_head":"<!-- This site is optimized with the Yoast SEO plugin v27.4 - https:\/\/yoast.com\/product\/yoast-seo-wordpress\/ -->\n<title>Suivi de culture - Terra Estates Management<\/title>\n<meta name=\"description\" content=\"Nous vous facilitons la vie avec de mod\u00e8le de fiche culture. Vous pouvez aussi vous connecter sur notre plateforme de gestion des parcelles.\" \/>\n<meta name=\"robots\" content=\"index, follow, max-snippet:-1, max-image-preview:large, max-video-preview:-1\" \/>\n<link rel=\"canonical\" href=\"https:\/\/management.terra.estate\/nl\/teeltregistratie\/\" \/>\n<meta property=\"og:locale\" content=\"nl_NL\" \/>\n<meta property=\"og:type\" content=\"article\" \/>\n<meta property=\"og:title\" content=\"Suivi de culture - Terra Estates Management\" \/>\n<meta property=\"og:description\" content=\"Nous vous facilitons la vie avec de mod\u00e8le de fiche culture. Vous pouvez aussi vous connecter sur notre plateforme de gestion des parcelles.\" \/>\n<meta property=\"og:url\" content=\"https:\/\/management.terra.estate\/nl\/teeltregistratie\/\" \/>\n<meta property=\"og:site_name\" content=\"Terra Estates Management\" \/>\n<meta property=\"article:publisher\" content=\"https:\/\/www.facebook.com\/terraestates\" \/>\n<meta property=\"article:modified_time\" content=\"2025-10-31T22:04:25+00:00\" \/>\n<meta property=\"og:image\" content=\"https:\/\/management.terra.estate\/wp-content\/uploads\/2025\/02\/Teeltfiche-scaled.jpg\" \/>\n\t<meta property=\"og:image:width\" content=\"2560\" \/>\n\t<meta property=\"og:image:height\" content=\"1930\" \/>\n\t<meta property=\"og:image:type\" content=\"image\/jpeg\" \/>\n<meta name=\"twitter:card\" content=\"summary_large_image\" \/>\n<meta name=\"twitter:label1\" content=\"Geschatte leestijd\" \/>\n\t<meta name=\"twitter:data1\" content=\"2 minuten\" \/>\n<script type=\"application\/ld+json\" class=\"yoast-schema-graph\">{\"@context\":\"https:\\\/\\\/schema.org\",\"@graph\":[{\"@type\":\"WebPage\",\"@id\":\"https:\\\/\\\/management.terra.estate\\\/teeltregistratie\\\/\",\"url\":\"https:\\\/\\\/management.terra.estate\\\/teeltregistratie\\\/\",\"name\":\"Suivi de culture - Terra Estates Management\",\"isPartOf\":{\"@id\":\"https:\\\/\\\/management.terra.estate\\\/nl\\\/#website\"},\"primaryImageOfPage\":{\"@id\":\"https:\\\/\\\/management.terra.estate\\\/teeltregistratie\\\/#primaryimage\"},\"image\":{\"@id\":\"https:\\\/\\\/management.terra.estate\\\/teeltregistratie\\\/#primaryimage\"},\"thumbnailUrl\":\"https:\\\/\\\/management.terra.estate\\\/wp-content\\\/uploads\\\/2025\\\/02\\\/Teeltfiche-1024x772.jpg\",\"datePublished\":\"2021-11-25T14:23:23+00:00\",\"dateModified\":\"2025-10-31T22:04:25+00:00\",\"description\":\"Nous vous facilitons la vie avec de mod\u00e8le de fiche culture. Vous pouvez aussi vous connecter sur notre plateforme de gestion des parcelles.\",\"breadcrumb\":{\"@id\":\"https:\\\/\\\/management.terra.estate\\\/teeltregistratie\\\/#breadcrumb\"},\"inLanguage\":\"nl-NL\",\"potentialAction\":[{\"@type\":\"ReadAction\",\"target\":[\"https:\\\/\\\/management.terra.estate\\\/teeltregistratie\\\/\"]}]},{\"@type\":\"ImageObject\",\"inLanguage\":\"nl-NL\",\"@id\":\"https:\\\/\\\/management.terra.estate\\\/teeltregistratie\\\/#primaryimage\",\"url\":\"https:\\\/\\\/management.terra.estate\\\/wp-content\\\/uploads\\\/2025\\\/02\\\/Teeltfiche-1024x772.jpg\",\"contentUrl\":\"https:\\\/\\\/management.terra.estate\\\/wp-content\\\/uploads\\\/2025\\\/02\\\/Teeltfiche-1024x772.jpg\"},{\"@type\":\"BreadcrumbList\",\"@id\":\"https:\\\/\\\/management.terra.estate\\\/teeltregistratie\\\/#breadcrumb\",\"itemListElement\":[{\"@type\":\"ListItem\",\"position\":1,\"name\":\"Accueil\",\"item\":\"https:\\\/\\\/management.terra.estate\\\/nl\\\/\"},{\"@type\":\"ListItem\",\"position\":2,\"name\":\"Suivi de culture\"}]},{\"@type\":\"WebSite\",\"@id\":\"https:\\\/\\\/management.terra.estate\\\/nl\\\/#website\",\"url\":\"https:\\\/\\\/management.terra.estate\\\/nl\\\/\",\"name\":\"Terra Estates Management\",\"description\":\"Uw landbouwer - Votre agriculteur\",\"publisher\":{\"@id\":\"https:\\\/\\\/management.terra.estate\\\/nl\\\/#organization\"},\"potentialAction\":[{\"@type\":\"SearchAction\",\"target\":{\"@type\":\"EntryPoint\",\"urlTemplate\":\"https:\\\/\\\/management.terra.estate\\\/nl\\\/?s={search_term_string}\"},\"query-input\":{\"@type\":\"PropertyValueSpecification\",\"valueRequired\":true,\"valueName\":\"search_term_string\"}}],\"inLanguage\":\"nl-NL\"},{\"@type\":\"Organization\",\"@id\":\"https:\\\/\\\/management.terra.estate\\\/nl\\\/#organization\",\"name\":\"Terra Estates Management n.v.\",\"url\":\"https:\\\/\\\/management.terra.estate\\\/nl\\\/\",\"logo\":{\"@type\":\"ImageObject\",\"inLanguage\":\"nl-NL\",\"@id\":\"https:\\\/\\\/management.terra.estate\\\/nl\\\/#\\\/schema\\\/logo\\\/image\\\/\",\"url\":\"http:\\\/\\\/820eyubulom.preview.infomaniak.website\\\/wp-content\\\/uploads\\\/2021\\\/11\\\/MicrosoftTeams-image.png\",\"contentUrl\":\"http:\\\/\\\/820eyubulom.preview.infomaniak.website\\\/wp-content\\\/uploads\\\/2021\\\/11\\\/MicrosoftTeams-image.png\",\"width\":2676,\"height\":811,\"caption\":\"Terra Estates Management n.v.\"},\"image\":{\"@id\":\"https:\\\/\\\/management.terra.estate\\\/nl\\\/#\\\/schema\\\/logo\\\/image\\\/\"},\"sameAs\":[\"https:\\\/\\\/www.facebook.com\\\/terraestates\",\"https:\\\/\\\/www.linkedin.com\\\/company\\\/terraestates\"]}]}<\/script>\n<!-- \/ Yoast SEO plugin. -->","yoast_head_json":{"title":"Gewasbewaking - Terra Estates Management","description":"Wij maken het u gemakkelijk met een sjabloon voor oogstbladen. U kunt ook verbinding maken met ons platform voor perceelbeheer.","robots":{"index":"index","follow":"follow","max-snippet":"max-snippet:-1","max-image-preview":"max-image-preview:large","max-video-preview":"max-video-preview:-1"},"canonical":"https:\/\/management.terra.estate\/nl\/teeltregistratie\/","og_locale":"nl_NL","og_type":"article","og_title":"Suivi de culture - Terra Estates Management","og_description":"Nous vous facilitons la vie avec de mod\u00e8le de fiche culture. Vous pouvez aussi vous connecter sur notre plateforme de gestion des parcelles.","og_url":"https:\/\/management.terra.estate\/nl\/teeltregistratie\/","og_site_name":"Terra Estates Management","article_publisher":"https:\/\/www.facebook.com\/terraestates","article_modified_time":"2025-10-31T22:04:25+00:00","og_image":[{"width":2560,"height":1930,"url":"https:\/\/management.terra.estate\/wp-content\/uploads\/2025\/02\/Teeltfiche-scaled.jpg","type":"image\/jpeg"}],"twitter_card":"summary_large_image","twitter_misc":{"Geschatte leestijd":"2 minuten"},"schema":{"@context":"https:\/\/schema.org","@graph":[{"@type":"WebPage","@id":"https:\/\/management.terra.estate\/teeltregistratie\/","url":"https:\/\/management.terra.estate\/teeltregistratie\/","name":"Gewasbewaking - Terra Estates Management","isPartOf":{"@id":"https:\/\/management.terra.estate\/nl\/#website"},"primaryImageOfPage":{"@id":"https:\/\/management.terra.estate\/teeltregistratie\/#primaryimage"},"image":{"@id":"https:\/\/management.terra.estate\/teeltregistratie\/#primaryimage"},"thumbnailUrl":"https:\/\/management.terra.estate\/wp-content\/uploads\/2025\/02\/Teeltfiche-1024x772.jpg","datePublished":"2021-11-25T14:23:23+00:00","dateModified":"2025-10-31T22:04:25+00:00","description":"Wij maken het u gemakkelijk met een sjabloon voor oogstbladen. U kunt ook verbinding maken met ons platform voor perceelbeheer.","breadcrumb":{"@id":"https:\/\/management.terra.estate\/teeltregistratie\/#breadcrumb"},"inLanguage":"nl-NL","potentialAction":[{"@type":"ReadAction","target":["https:\/\/management.terra.estate\/teeltregistratie\/"]}]},{"@type":"ImageObject","inLanguage":"nl-NL","@id":"https:\/\/management.terra.estate\/teeltregistratie\/#primaryimage","url":"https:\/\/management.terra.estate\/wp-content\/uploads\/2025\/02\/Teeltfiche-1024x772.jpg","contentUrl":"https:\/\/management.terra.estate\/wp-content\/uploads\/2025\/02\/Teeltfiche-1024x772.jpg"},{"@type":"BreadcrumbList","@id":"https:\/\/management.terra.estate\/teeltregistratie\/#breadcrumb","itemListElement":[{"@type":"ListItem","position":1,"name":"Accueil","item":"https:\/\/management.terra.estate\/nl\/"},{"@type":"ListItem","position":2,"name":"Suivi de culture"}]},{"@type":"WebSite","@id":"https:\/\/management.terra.estate\/nl\/#website","url":"https:\/\/management.terra.estate\/nl\/","name":"Terra Estates Management","description":"Uw landbouwer","publisher":{"@id":"https:\/\/management.terra.estate\/nl\/#organization"},"potentialAction":[{"@type":"SearchAction","target":{"@type":"EntryPoint","urlTemplate":"https:\/\/management.terra.estate\/nl\/?s={search_term_string}"},"query-input":{"@type":"PropertyValueSpecification","valueRequired":true,"valueName":"search_term_string"}}],"inLanguage":"nl-NL"},{"@type":"Organization","@id":"https:\/\/management.terra.estate\/nl\/#organization","name":"Terra Estates Management n.v.","url":"https:\/\/management.terra.estate\/nl\/","logo":{"@type":"ImageObject","inLanguage":"nl-NL","@id":"https:\/\/management.terra.estate\/nl\/#\/schema\/logo\/image\/","url":"http:\/\/820eyubulom.preview.infomaniak.website\/wp-content\/uploads\/2021\/11\/MicrosoftTeams-image.png","contentUrl":"http:\/\/820eyubulom.preview.infomaniak.website\/wp-content\/uploads\/2021\/11\/MicrosoftTeams-image.png","width":2676,"height":811,"caption":"Terra Estates Management n.v."},"image":{"@id":"https:\/\/management.terra.estate\/nl\/#\/schema\/logo\/image\/"},"sameAs":["https:\/\/www.facebook.com\/terraestates","https:\/\/www.linkedin.com\/company\/terraestates"]}]}},"_links":{"self":[{"href":"https:\/\/management.terra.estate\/nl\/wp-json\/wp\/v2\/pages\/608","targetHints":{"allow":["GET"]}}],"collection":[{"href":"https:\/\/management.terra.estate\/nl\/wp-json\/wp\/v2\/pages"}],"about":[{"href":"https:\/\/management.terra.estate\/nl\/wp-json\/wp\/v2\/types\/page"}],"author":[{"embeddable":true,"href":"https:\/\/management.terra.estate\/nl\/wp-json\/wp\/v2\/users\/1"}],"replies":[{"embeddable":true,"href":"https:\/\/management.terra.estate\/nl\/wp-json\/wp\/v2\/comments?post=608"}],"version-history":[{"count":100,"href":"https:\/\/management.terra.estate\/nl\/wp-json\/wp\/v2\/pages\/608\/revisions"}],"predecessor-version":[{"id":2054,"href":"https:\/\/management.terra.estate\/nl\/wp-json\/wp\/v2\/pages\/608\/revisions\/2054"}],"wp:attachment":[{"href":"https:\/\/management.terra.estate\/nl\/wp-json\/wp\/v2\/media?parent=608"}],"curies":[{"name":"wp","href":"https:\/\/api.w.org\/{rel}","templated":true}]}}