{"id":1147,"date":"2022-09-05T12:29:32","date_gmt":"2022-09-05T12:29:32","guid":{"rendered":"http:\/\/820eyubulom.preview.infomaniak.website\/?page_id=1147"},"modified":"2022-09-05T12:32:21","modified_gmt":"2022-09-05T12:32:21","slug":"privacybeleid","status":"publish","type":"page","link":"https:\/\/management.terra.estate\/nl\/privacybeleid\/","title":{"rendered":"Privacybeleid"},"content":{"rendered":"<div data-elementor-type=\"wp-page\" data-elementor-id=\"1147\" class=\"elementor elementor-1147\" data-elementor-post-type=\"page\">\n\t\t\t\t\t\t<section class=\"has_ae_slider elementor-section elementor-top-section elementor-element elementor-element-711eee19 elementor-section-boxed elementor-section-height-default elementor-section-height-default ae-bg-gallery-type-default\" data-id=\"711eee19\" data-element_type=\"section\" data-e-type=\"section\">\n\t\t\t\t\t\t<div class=\"elementor-container elementor-column-gap-default\">\n\t\t\t\t\t<div class=\"has_ae_slider elementor-column elementor-col-100 elementor-top-column elementor-element elementor-element-352391e7 ae-bg-gallery-type-default\" data-id=\"352391e7\" data-element_type=\"column\" data-e-type=\"column\">\n\t\t\t<div class=\"elementor-widget-wrap elementor-element-populated\">\n\t\t\t\t\t\t<div class=\"elementor-element elementor-element-9940140 elementor-widget elementor-widget-heading\" data-id=\"9940140\" data-element_type=\"widget\" data-e-type=\"widget\" data-widget_type=\"heading.default\">\n\t\t\t\t<div class=\"elementor-widget-container\">\n\t\t\t\t\t<h2 class=\"elementor-heading-title elementor-size-default\">Privacybeleid<\/h2>\t\t\t\t<\/div>\n\t\t\t\t<\/div>\n\t\t\t\t<div class=\"elementor-element elementor-element-547f0821 elementor-widget elementor-widget-text-editor\" data-id=\"547f0821\" data-element_type=\"widget\" data-e-type=\"widget\" data-widget_type=\"text-editor.default\">\n\t\t\t\t<div class=\"elementor-widget-container\">\n\t\t\t\t\t\t\t\t\t<div id=\"block-yui_3_17_2_1_1539165194527_5998\" class=\"sqs-block html-block sqs-block-html\" data-block-type=\"2\">\n<div class=\"sqs-block-content\">\n<p class=\"\"><strong>Terra Estates Management s.a.<\/strong> en <strong>Terra Estates Services s.r.l.<\/strong> persoonsgegevens verwerken in overeenstemming met deze privacyverklaring. Voor meer informatie, vragen of opmerkingen over ons privacybeleid:<\/p>\n<p class=\"\">privacy@terra.estate of tel: +32 (0)14-98.01.32<\/p>\n<\/div>\n<\/div>\n<div id=\"block-yui_3_17_2_1_1539165194527_7379\" class=\"sqs-block horizontalrule-block sqs-block-horizontalrule\" data-block-type=\"47\">\n<div class=\"sqs-block-content\"><hr \/><\/div>\n<\/div>\n<div id=\"block-yui_3_17_2_1_1539165104390_4751\" class=\"sqs-block html-block sqs-block-html\" data-block-type=\"2\">\n<div class=\"sqs-block-content\">\n<p>\u00a0<\/p>\n<p>\u00a0<\/p>\n<p class=\"\"><strong>Gegevensverwerking:<\/strong><\/p>\n<p class=\"\">Terra Estates Management s.a. en Terra Estates Services s.r.l. gebruiken de persoonlijke gegevens van klanten alleen voor het beheer van deze laatste (inclusief administratie, georganiseerde bezoeken of afspraken, rapporten en het versturen van marketing e-mails in de vorm van gepersonaliseerde correspondentie over de door Terra Estates Management s.a. en Terra Estates Services s.r.l. aangeboden diensten. ).<\/p>\n<p>\u00a0<\/p>\n<p class=\"\"><strong>De persoonsgegevens die wij verwerken:<\/strong><\/p>\n<p class=\"\">Naam en voornaam, titel, bedrijf, e-mailadres, adres, geslacht, taal, telefoonnummer, mobiel nummer, IP-adres (via cookies), alsmede gegevens die wettelijk verplicht of noodzakelijk zijn om een overeenkomst te kunnen uitvoeren.<\/p>\n<p>\u00a0<\/p>\n<p class=\"\"><strong>Rechtsgrondslag voor de verwerking:<\/strong><\/p>\n<p class=\"\">Persoonsgegevens worden verwerkt op basis van artikel 6.1. zijnde: toestemming, om een overeenkomst te kunnen uitvoeren, omdat een wet, decreet of bevel dit vereist en om de legitieme belangen van ons bedrijf te verdedigen.<\/p>\n<p class=\"\">Voor zover de verwerking van persoonsgegevens plaatsvindt op basis van artikel 6.1. a) toestemming, heeft de klant altijd het recht om de gegeven toestemming in te trekken.<\/p>\n<p>\u00a0<\/p>\n<p class=\"\"><strong>Overdracht aan derden:<\/strong><\/p>\n<p class=\"\">Waar nodig om ons werk uit te voeren, worden de persoonsgegevens van de klant gedeeld met andere bedrijven in de Europese Economische Ruimte, of organisaties in derde landen die voldoen aan de GDPR-regels en direct of indirect verbonden zijn met Terra Estates Management n.v. De gegevens worden niet doorgegeven of verkocht aan derden voor marketingdoeleinden, maar worden doorgegeven in het kader van dienstverleningscontracten (bijv. CRM, SaaS, enz.)<\/p>\n<p>\u00a0<\/p>\n<p class=\"\"><strong>Bewaartermijn<\/strong><\/p>\n<p class=\"\">De persoonlijke informatie die u ons verstrekt, wordt niet langer bewaard dan nodig is om de doeleinden te bereiken waarvoor ze werd verzameld of om te voldoen aan wettelijke verplichtingen.<\/p>\n<p class=\"\">Recht op toegang, rectificatie, verwijdering, beperking, verzet en overdracht van persoonsgegevens<\/p>\n<p class=\"\">De klant heeft te allen tijde het recht zijn persoonsgegevens te controleren en deze te corrigeren indien ze onjuist of onvolledig zijn, ze te laten intrekken, de verwerking ervan te beperken en bezwaar te maken tegen de verwerking van zijn persoonsgegevens op basis van artikel 6.1 per e-mail naar privacy@terra.estate of per post naar: Terra Estates Management n.v. - Postel 50 - 2400 Mol of Terra Estates Services s.r.l. - Postel 50 - 2400 Mol<\/p>\n<p>\u00a0<\/p>\n<p class=\"\"><strong>Klacht: <\/strong><\/p>\n<p class=\"\">De klant heeft het recht om een klacht in te dienen bij de Commissie voor de bescherming van de persoonlijke levenssfeer (rue de la Presse, 35 - 1000 Brussel - commission@privacycommission.be).<\/p>\n<\/div>\n<\/div>\t\t\t\t\t\t\t\t<\/div>\n\t\t\t\t<\/div>\n\t\t\t\t\t<\/div>\n\t\t<\/div>\n\t\t\t\t\t<\/div>\n\t\t<\/section>\n\t\t\t\t<\/div>","protected":false},"excerpt":{"rendered":"<p>Politique de confidentialit\u00e9 Terra Estates Management s.a. et Terra Estates Services s.r.l. traitent les donn\u00e9es personnelles conform\u00e9ment \u00e0 cette d\u00e9claration de confidentialit\u00e9. Pour plus d&#8217;informations, questions ou commentaires concernant notre politique de confidentialit\u00e9: privacy@terra.estate ou t\u00e9l.: +32 (0)14-98.01.32 Traitement des donn\u00e9es: Terra Estates Management s.a. et Terra Estates Services s.r.l. n\u2019utilisent les donn\u00e9es personnelles de [&hellip;]<\/p>\n","protected":false},"author":3,"featured_media":0,"parent":0,"menu_order":0,"comment_status":"closed","ping_status":"closed","template":"","meta":{"footnotes":""},"class_list":["post-1147","page","type-page","status-publish","hentry"],"yoast_head":"<!-- This site is optimized with the Yoast SEO plugin v27.6 - https:\/\/yoast.com\/product\/yoast-seo-wordpress\/ -->\n<title>Politique de confidentialit\u00e9 - Terra Estates Management<\/title>\n<meta name=\"robots\" content=\"index, follow, max-snippet:-1, max-image-preview:large, max-video-preview:-1\" \/>\n<link rel=\"canonical\" href=\"https:\/\/management.terra.estate\/nl\/privacybeleid\/\" \/>\n<meta property=\"og:locale\" content=\"nl_NL\" \/>\n<meta property=\"og:type\" content=\"article\" \/>\n<meta property=\"og:title\" content=\"Politique de confidentialit\u00e9 - Terra Estates Management\" \/>\n<meta property=\"og:description\" content=\"Politique de confidentialit\u00e9 Terra Estates Management s.a. et Terra Estates Services s.r.l. traitent les donn\u00e9es personnelles conform\u00e9ment \u00e0 cette d\u00e9claration de confidentialit\u00e9. Pour plus d&#8217;informations, questions ou commentaires concernant notre politique de confidentialit\u00e9: privacy@terra.estate ou t\u00e9l.: +32 (0)14-98.01.32 Traitement des donn\u00e9es: Terra Estates Management s.a. et Terra Estates Services s.r.l. n\u2019utilisent les donn\u00e9es personnelles de [&hellip;]\" \/>\n<meta property=\"og:url\" content=\"https:\/\/management.terra.estate\/nl\/privacybeleid\/\" \/>\n<meta property=\"og:site_name\" content=\"Terra Estates Management\" \/>\n<meta property=\"article:publisher\" content=\"https:\/\/www.facebook.com\/terraestates\" \/>\n<meta property=\"article:modified_time\" content=\"2022-09-05T12:32:21+00:00\" \/>\n<meta name=\"twitter:card\" content=\"summary_large_image\" \/>\n<meta name=\"twitter:label1\" content=\"Geschatte leestijd\" \/>\n\t<meta name=\"twitter:data1\" content=\"3 minuten\" \/>\n<script type=\"application\/ld+json\" class=\"yoast-schema-graph\">{\"@context\":\"https:\\\/\\\/schema.org\",\"@graph\":[{\"@type\":\"WebPage\",\"@id\":\"https:\\\/\\\/management.terra.estate\\\/politique-de-confidentialite\\\/\",\"url\":\"https:\\\/\\\/management.terra.estate\\\/politique-de-confidentialite\\\/\",\"name\":\"Politique de confidentialit\u00e9 - Terra Estates Management\",\"isPartOf\":{\"@id\":\"https:\\\/\\\/management.terra.estate\\\/nl\\\/#website\"},\"datePublished\":\"2022-09-05T12:29:32+00:00\",\"dateModified\":\"2022-09-05T12:32:21+00:00\",\"breadcrumb\":{\"@id\":\"https:\\\/\\\/management.terra.estate\\\/politique-de-confidentialite\\\/#breadcrumb\"},\"inLanguage\":\"nl-NL\",\"potentialAction\":[{\"@type\":\"ReadAction\",\"target\":[\"https:\\\/\\\/management.terra.estate\\\/politique-de-confidentialite\\\/\"]}]},{\"@type\":\"BreadcrumbList\",\"@id\":\"https:\\\/\\\/management.terra.estate\\\/politique-de-confidentialite\\\/#breadcrumb\",\"itemListElement\":[{\"@type\":\"ListItem\",\"position\":1,\"name\":\"Accueil\",\"item\":\"https:\\\/\\\/management.terra.estate\\\/nl\\\/\"},{\"@type\":\"ListItem\",\"position\":2,\"name\":\"Politique de confidentialit\u00e9\"}]},{\"@type\":\"WebSite\",\"@id\":\"https:\\\/\\\/management.terra.estate\\\/nl\\\/#website\",\"url\":\"https:\\\/\\\/management.terra.estate\\\/nl\\\/\",\"name\":\"Terra Estates Management\",\"description\":\"Uw landbouwer - Votre agriculteur\",\"publisher\":{\"@id\":\"https:\\\/\\\/management.terra.estate\\\/nl\\\/#organization\"},\"potentialAction\":[{\"@type\":\"SearchAction\",\"target\":{\"@type\":\"EntryPoint\",\"urlTemplate\":\"https:\\\/\\\/management.terra.estate\\\/nl\\\/?s={search_term_string}\"},\"query-input\":{\"@type\":\"PropertyValueSpecification\",\"valueRequired\":true,\"valueName\":\"search_term_string\"}}],\"inLanguage\":\"nl-NL\"},{\"@type\":\"Organization\",\"@id\":\"https:\\\/\\\/management.terra.estate\\\/nl\\\/#organization\",\"name\":\"Terra Estates Management n.v.\",\"url\":\"https:\\\/\\\/management.terra.estate\\\/nl\\\/\",\"logo\":{\"@type\":\"ImageObject\",\"inLanguage\":\"nl-NL\",\"@id\":\"https:\\\/\\\/management.terra.estate\\\/nl\\\/#\\\/schema\\\/logo\\\/image\\\/\",\"url\":\"http:\\\/\\\/820eyubulom.preview.infomaniak.website\\\/wp-content\\\/uploads\\\/2021\\\/11\\\/MicrosoftTeams-image.png\",\"contentUrl\":\"http:\\\/\\\/820eyubulom.preview.infomaniak.website\\\/wp-content\\\/uploads\\\/2021\\\/11\\\/MicrosoftTeams-image.png\",\"width\":2676,\"height\":811,\"caption\":\"Terra Estates Management n.v.\"},\"image\":{\"@id\":\"https:\\\/\\\/management.terra.estate\\\/nl\\\/#\\\/schema\\\/logo\\\/image\\\/\"},\"sameAs\":[\"https:\\\/\\\/www.facebook.com\\\/terraestates\",\"https:\\\/\\\/www.linkedin.com\\\/company\\\/terraestates\"]}]}<\/script>\n<!-- \/ Yoast SEO plugin. -->","yoast_head_json":{"title":"Privacybeleid - Terra Estates Management","robots":{"index":"index","follow":"follow","max-snippet":"max-snippet:-1","max-image-preview":"max-image-preview:large","max-video-preview":"max-video-preview:-1"},"canonical":"https:\/\/management.terra.estate\/nl\/privacybeleid\/","og_locale":"nl_NL","og_type":"article","og_title":"Politique de confidentialit\u00e9 - Terra Estates Management","og_description":"Politique de confidentialit\u00e9 Terra Estates Management s.a. et Terra Estates Services s.r.l. traitent les donn\u00e9es personnelles conform\u00e9ment \u00e0 cette d\u00e9claration de confidentialit\u00e9. Pour plus d&#8217;informations, questions ou commentaires concernant notre politique de confidentialit\u00e9: privacy@terra.estate ou t\u00e9l.: +32 (0)14-98.01.32 Traitement des donn\u00e9es: Terra Estates Management s.a. et Terra Estates Services s.r.l. n\u2019utilisent les donn\u00e9es personnelles de [&hellip;]","og_url":"https:\/\/management.terra.estate\/nl\/privacybeleid\/","og_site_name":"Terra Estates Management","article_publisher":"https:\/\/www.facebook.com\/terraestates","article_modified_time":"2022-09-05T12:32:21+00:00","twitter_card":"summary_large_image","twitter_misc":{"Geschatte leestijd":"3 minuten"},"schema":{"@context":"https:\/\/schema.org","@graph":[{"@type":"WebPage","@id":"https:\/\/management.terra.estate\/politique-de-confidentialite\/","url":"https:\/\/management.terra.estate\/politique-de-confidentialite\/","name":"Privacybeleid - Terra Estates Management","isPartOf":{"@id":"https:\/\/management.terra.estate\/nl\/#website"},"datePublished":"2022-09-05T12:29:32+00:00","dateModified":"2022-09-05T12:32:21+00:00","breadcrumb":{"@id":"https:\/\/management.terra.estate\/politique-de-confidentialite\/#breadcrumb"},"inLanguage":"nl-NL","potentialAction":[{"@type":"ReadAction","target":["https:\/\/management.terra.estate\/politique-de-confidentialite\/"]}]},{"@type":"BreadcrumbList","@id":"https:\/\/management.terra.estate\/politique-de-confidentialite\/#breadcrumb","itemListElement":[{"@type":"ListItem","position":1,"name":"Accueil","item":"https:\/\/management.terra.estate\/nl\/"},{"@type":"ListItem","position":2,"name":"Politique de confidentialit\u00e9"}]},{"@type":"WebSite","@id":"https:\/\/management.terra.estate\/nl\/#website","url":"https:\/\/management.terra.estate\/nl\/","name":"Terra Estates Management","description":"Uw landbouwer","publisher":{"@id":"https:\/\/management.terra.estate\/nl\/#organization"},"potentialAction":[{"@type":"SearchAction","target":{"@type":"EntryPoint","urlTemplate":"https:\/\/management.terra.estate\/nl\/?s={search_term_string}"},"query-input":{"@type":"PropertyValueSpecification","valueRequired":true,"valueName":"search_term_string"}}],"inLanguage":"nl-NL"},{"@type":"Organization","@id":"https:\/\/management.terra.estate\/nl\/#organization","name":"Terra Estates Management n.v.","url":"https:\/\/management.terra.estate\/nl\/","logo":{"@type":"ImageObject","inLanguage":"nl-NL","@id":"https:\/\/management.terra.estate\/nl\/#\/schema\/logo\/image\/","url":"http:\/\/820eyubulom.preview.infomaniak.website\/wp-content\/uploads\/2021\/11\/MicrosoftTeams-image.png","contentUrl":"http:\/\/820eyubulom.preview.infomaniak.website\/wp-content\/uploads\/2021\/11\/MicrosoftTeams-image.png","width":2676,"height":811,"caption":"Terra Estates Management n.v."},"image":{"@id":"https:\/\/management.terra.estate\/nl\/#\/schema\/logo\/image\/"},"sameAs":["https:\/\/www.facebook.com\/terraestates","https:\/\/www.linkedin.com\/company\/terraestates"]}]}},"_links":{"self":[{"href":"https:\/\/management.terra.estate\/nl\/wp-json\/wp\/v2\/pages\/1147","targetHints":{"allow":["GET"]}}],"collection":[{"href":"https:\/\/management.terra.estate\/nl\/wp-json\/wp\/v2\/pages"}],"about":[{"href":"https:\/\/management.terra.estate\/nl\/wp-json\/wp\/v2\/types\/page"}],"author":[{"embeddable":true,"href":"https:\/\/management.terra.estate\/nl\/wp-json\/wp\/v2\/users\/3"}],"replies":[{"embeddable":true,"href":"https:\/\/management.terra.estate\/nl\/wp-json\/wp\/v2\/comments?post=1147"}],"version-history":[{"count":8,"href":"https:\/\/management.terra.estate\/nl\/wp-json\/wp\/v2\/pages\/1147\/revisions"}],"predecessor-version":[{"id":1155,"href":"https:\/\/management.terra.estate\/nl\/wp-json\/wp\/v2\/pages\/1147\/revisions\/1155"}],"wp:attachment":[{"href":"https:\/\/management.terra.estate\/nl\/wp-json\/wp\/v2\/media?parent=1147"}],"curies":[{"name":"wp","href":"https:\/\/api.w.org\/{rel}","templated":true}]}}